{"id":173,"date":"2023-09-13T19:41:03","date_gmt":"2023-09-13T17:41:03","guid":{"rendered":"https:\/\/radiofronterasur.com\/?page_id=173"},"modified":"2023-10-20T11:11:24","modified_gmt":"2023-10-20T16:11:24","slug":"acerca","status":"publish","type":"page","link":"https:\/\/radiofronterasur.com\/index.php\/acerca\/","title":{"rendered":"Acerca"},"content":{"rendered":"\t\t<div data-elementor-type=\"wp-page\" data-elementor-id=\"173\" class=\"elementor elementor-173\" data-elementor-post-type=\"page\">\n\t\t\t\t\t\t<section class=\"elementor-section elementor-top-section elementor-element elementor-element-23d69e33 elementor-reverse-mobile elementor-section-content-middle elementor-section-boxed elementor-section-height-default elementor-section-height-default\" data-id=\"23d69e33\" data-element_type=\"section\" data-e-type=\"section\">\n\t\t\t\t\t\t<div class=\"elementor-container elementor-column-gap-no\">\n\t\t\t\t\t<div class=\"elementor-column elementor-col-50 elementor-top-column elementor-element elementor-element-9f1fa5c elementor-invisible\" data-id=\"9f1fa5c\" data-element_type=\"column\" data-e-type=\"column\" data-settings=\"{&quot;animation&quot;:&quot;fadeInLeft&quot;,&quot;animation_tablet&quot;:&quot;none&quot;,&quot;animation_mobile&quot;:&quot;none&quot;}\">\n\t\t\t<div class=\"elementor-widget-wrap elementor-element-populated\">\n\t\t\t\t\t\t<div class=\"elementor-element elementor-element-3269d031 elementor-widget elementor-widget-heading\" data-id=\"3269d031\" data-element_type=\"widget\" data-e-type=\"widget\" data-widget_type=\"heading.default\">\n\t\t\t\t<div class=\"elementor-widget-container\">\n\t\t\t\t\t<h3 class=\"elementor-heading-title elementor-size-default\">Misi\u00f3n<\/h3>\t\t\t\t<\/div>\n\t\t\t\t<\/div>\n\t\t\t\t<div class=\"elementor-element elementor-element-79a824fc elementor-widget elementor-widget-text-editor\" data-id=\"79a824fc\" data-element_type=\"widget\" data-e-type=\"widget\" data-widget_type=\"text-editor.default\">\n\t\t\t\t<div class=\"elementor-widget-container\">\n\t\t\t\t\t\t\t\t\t<p>Brinda a la ciudadan\u00eda del cant\u00f3n Saraguro programas que reflejen las cosmovisi\u00f3n, cultura, tradiciones, conocimientos y saberes de los pueblos y nacionalidades ecuatorianas y se integra al desarrollo social y econ\u00f3mico, estableciendo una relaci\u00f3n clara con todo tipo de personas en el entorno comunicacional.<\/p>\t\t\t\t\t\t\t\t<\/div>\n\t\t\t\t<\/div>\n\t\t\t\t\t<\/div>\n\t\t<\/div>\n\t\t\t\t<div class=\"elementor-column elementor-col-50 elementor-top-column elementor-element elementor-element-16b1b7dd\" data-id=\"16b1b7dd\" data-element_type=\"column\" data-e-type=\"column\">\n\t\t\t<div class=\"elementor-widget-wrap elementor-element-populated\">\n\t\t\t\t\t\t<div class=\"elementor-element elementor-element-7a9a8c9 elementor-widget__width-initial elementor-absolute elementor-invisible elementor-widget elementor-widget-image\" data-id=\"7a9a8c9\" data-element_type=\"widget\" data-e-type=\"widget\" data-settings=\"{&quot;motion_fx_motion_fx_mouse&quot;:&quot;yes&quot;,&quot;motion_fx_mouseTrack_effect&quot;:&quot;yes&quot;,&quot;_animation&quot;:&quot;zoomIn&quot;,&quot;_animation_delay&quot;:200,&quot;_position&quot;:&quot;absolute&quot;,&quot;_animation_tablet&quot;:&quot;none&quot;,&quot;_animation_mobile&quot;:&quot;none&quot;,&quot;motion_fx_mouseTrack_speed&quot;:{&quot;unit&quot;:&quot;px&quot;,&quot;size&quot;:0.8,&quot;sizes&quot;:[]}}\" data-widget_type=\"image.default\">\n\t\t\t\t<div class=\"elementor-widget-container\">\n\t\t\t\t\t\t\t\t\t\t\t\t\t\t\t<img fetchpriority=\"high\" decoding=\"async\" width=\"768\" height=\"768\" src=\"https:\/\/radiofronterasur.com\/wp-content\/uploads\/2023\/10\/328258899_853790509031855_743446807762607419_n-768x768.jpg\" class=\"attachment-medium_large size-medium_large wp-image-374\" alt=\"\" srcset=\"https:\/\/radiofronterasur.com\/wp-content\/uploads\/2023\/10\/328258899_853790509031855_743446807762607419_n-768x768.jpg 768w, https:\/\/radiofronterasur.com\/wp-content\/uploads\/2023\/10\/328258899_853790509031855_743446807762607419_n-559x559.jpg 559w, https:\/\/radiofronterasur.com\/wp-content\/uploads\/2023\/10\/328258899_853790509031855_743446807762607419_n-1024x1024.jpg 1024w, https:\/\/radiofronterasur.com\/wp-content\/uploads\/2023\/10\/328258899_853790509031855_743446807762607419_n-150x150.jpg 150w, https:\/\/radiofronterasur.com\/wp-content\/uploads\/2023\/10\/328258899_853790509031855_743446807762607419_n-1536x1536.jpg 1536w, https:\/\/radiofronterasur.com\/wp-content\/uploads\/2023\/10\/328258899_853790509031855_743446807762607419_n.jpg 2048w\" sizes=\"(max-width: 768px) 100vw, 768px\" \/>\t\t\t\t\t\t\t\t\t\t\t\t\t\t\t<\/div>\n\t\t\t\t<\/div>\n\t\t\t\t\t<\/div>\n\t\t<\/div>\n\t\t\t\t\t<\/div>\n\t\t<\/section>\n\t\t\t\t<section class=\"elementor-section elementor-top-section elementor-element elementor-element-3fcdcc83 elementor-section-content-middle elementor-section-boxed elementor-section-height-default elementor-section-height-default\" data-id=\"3fcdcc83\" data-element_type=\"section\" data-e-type=\"section\">\n\t\t\t\t\t\t<div class=\"elementor-container elementor-column-gap-no\">\n\t\t\t\t\t<div class=\"elementor-column elementor-col-50 elementor-top-column elementor-element elementor-element-14bc05ad elementor-invisible\" data-id=\"14bc05ad\" data-element_type=\"column\" data-e-type=\"column\" data-settings=\"{&quot;animation&quot;:&quot;fadeInLeft&quot;,&quot;animation_tablet&quot;:&quot;none&quot;,&quot;animation_mobile&quot;:&quot;none&quot;}\">\n\t\t\t<div class=\"elementor-widget-wrap elementor-element-populated\">\n\t\t\t\t\t\t<div class=\"elementor-element elementor-element-3fa89252 elementor-invisible elementor-widget elementor-widget-image\" data-id=\"3fa89252\" data-element_type=\"widget\" data-e-type=\"widget\" data-settings=\"{&quot;_animation&quot;:&quot;fadeInLeft&quot;,&quot;_animation_tablet&quot;:&quot;none&quot;,&quot;_animation_mobile&quot;:&quot;none&quot;}\" data-widget_type=\"image.default\">\n\t\t\t\t<div class=\"elementor-widget-container\">\n\t\t\t\t\t\t\t\t\t\t\t\t\t\t\t<img decoding=\"async\" width=\"768\" height=\"576\" src=\"https:\/\/radiofronterasur.com\/wp-content\/uploads\/2023\/09\/70721973_2371984582898376_2531448669085892608_o-1-768x576.jpg\" class=\"attachment-medium_large size-medium_large wp-image-209\" alt=\"\" srcset=\"https:\/\/radiofronterasur.com\/wp-content\/uploads\/2023\/09\/70721973_2371984582898376_2531448669085892608_o-1-768x576.jpg 768w, https:\/\/radiofronterasur.com\/wp-content\/uploads\/2023\/09\/70721973_2371984582898376_2531448669085892608_o-1-559x419.jpg 559w, https:\/\/radiofronterasur.com\/wp-content\/uploads\/2023\/09\/70721973_2371984582898376_2531448669085892608_o-1-1024x768.jpg 1024w, https:\/\/radiofronterasur.com\/wp-content\/uploads\/2023\/09\/70721973_2371984582898376_2531448669085892608_o-1.jpg 1440w\" sizes=\"(max-width: 768px) 100vw, 768px\" \/>\t\t\t\t\t\t\t\t\t\t\t\t\t\t\t<\/div>\n\t\t\t\t<\/div>\n\t\t\t\t\t<\/div>\n\t\t<\/div>\n\t\t\t\t<div class=\"elementor-column elementor-col-50 elementor-top-column elementor-element elementor-element-6f741489 elementor-invisible\" data-id=\"6f741489\" data-element_type=\"column\" data-e-type=\"column\" data-settings=\"{&quot;animation&quot;:&quot;fadeInRight&quot;,&quot;animation_tablet&quot;:&quot;none&quot;,&quot;animation_mobile&quot;:&quot;none&quot;}\">\n\t\t\t<div class=\"elementor-widget-wrap elementor-element-populated\">\n\t\t\t\t\t\t<div class=\"elementor-element elementor-element-679f793a elementor-widget elementor-widget-heading\" data-id=\"679f793a\" data-element_type=\"widget\" data-e-type=\"widget\" data-widget_type=\"heading.default\">\n\t\t\t\t<div class=\"elementor-widget-container\">\n\t\t\t\t\t<h3 class=\"elementor-heading-title elementor-size-default\">Visi\u00f3n<\/h3>\t\t\t\t<\/div>\n\t\t\t\t<\/div>\n\t\t\t\t<div class=\"elementor-element elementor-element-54ff7cf2 elementor-hidden-tablet elementor-widget elementor-widget-text-editor\" data-id=\"54ff7cf2\" data-element_type=\"widget\" data-e-type=\"widget\" data-widget_type=\"text-editor.default\">\n\t\t\t\t<div class=\"elementor-widget-container\">\n\t\t\t\t\t\t\t\t\t<p>Es el medio de comunicaci\u00f3n radial del canto Saraguro, que informa y comunica el acontecer local, nacional, internacional, de forma democr\u00e1tica, intercultural, incluyente y amena, con alta capacidad tecnol\u00f3gica y talento humano especializado en comunicaci\u00f3n.<\/p>\t\t\t\t\t\t\t\t<\/div>\n\t\t\t\t<\/div>\n\t\t\t\t\t<\/div>\n\t\t<\/div>\n\t\t\t\t\t<\/div>\n\t\t<\/section>\n\t\t\t\t<\/div>\n\t\t","protected":false},"excerpt":{"rendered":"<p>Misi\u00f3n Brinda a la ciudadan\u00eda del cant\u00f3n Saraguro programas que reflejen las cosmovisi\u00f3n, cultura, tradiciones, conocimientos y saberes de los pueblos y nacionalidades ecuatorianas y se integra al desarrollo social y econ\u00f3mico, estableciendo una relaci\u00f3n clara con todo tipo de personas en el entorno comunicacional. Visi\u00f3n Es el medio de comunicaci\u00f3n radial del canto Saraguro, [&hellip;]<\/p>\n","protected":false},"author":1,"featured_media":0,"parent":0,"menu_order":0,"comment_status":"closed","ping_status":"closed","template":"","meta":{"footnotes":""},"class_list":["post-173","page","type-page","status-publish","hentry"],"_links":{"self":[{"href":"https:\/\/radiofronterasur.com\/index.php\/wp-json\/wp\/v2\/pages\/173","targetHints":{"allow":["GET"]}}],"collection":[{"href":"https:\/\/radiofronterasur.com\/index.php\/wp-json\/wp\/v2\/pages"}],"about":[{"href":"https:\/\/radiofronterasur.com\/index.php\/wp-json\/wp\/v2\/types\/page"}],"author":[{"embeddable":true,"href":"https:\/\/radiofronterasur.com\/index.php\/wp-json\/wp\/v2\/users\/1"}],"replies":[{"embeddable":true,"href":"https:\/\/radiofronterasur.com\/index.php\/wp-json\/wp\/v2\/comments?post=173"}],"version-history":[{"count":17,"href":"https:\/\/radiofronterasur.com\/index.php\/wp-json\/wp\/v2\/pages\/173\/revisions"}],"predecessor-version":[{"id":552,"href":"https:\/\/radiofronterasur.com\/index.php\/wp-json\/wp\/v2\/pages\/173\/revisions\/552"}],"wp:attachment":[{"href":"https:\/\/radiofronterasur.com\/index.php\/wp-json\/wp\/v2\/media?parent=173"}],"curies":[{"name":"wp","href":"https:\/\/api.w.org\/{rel}","templated":true}]}}